{"id":3,"date":"2020-04-22T09:50:45","date_gmt":"2020-04-22T07:50:45","guid":{"rendered":"https:\/\/themes.muffingroup.com\/be\/medicalshop2\/?page_id=3"},"modified":"2023-09-22T12:12:09","modified_gmt":"2023-09-22T10:12:09","slug":"mentions-legales","status":"publish","type":"page","link":"https:\/\/pharmacienormale.fr\/index.php\/mentions-legales\/","title":{"rendered":"Mentions L\u00e9gales"},"content":{"rendered":"\t\t<div data-elementor-type=\"wp-page\" data-elementor-id=\"3\" class=\"elementor elementor-3\">\n\t\t\t\t\t\t<section class=\"elementor-section elementor-top-section elementor-element elementor-element-1c73e154 elementor-section-boxed elementor-section-height-default elementor-section-height-default\" data-id=\"1c73e154\" data-element_type=\"section\" data-e-type=\"section\">\n\t\t\t\t\t\t<div class=\"elementor-container elementor-column-gap-default\">\n\t\t\t\t\t<div class=\"elementor-column elementor-col-100 elementor-top-column elementor-element elementor-element-6c7a0395\" data-id=\"6c7a0395\" data-element_type=\"column\" data-e-type=\"column\">\n\t\t\t<div class=\"elementor-widget-wrap elementor-element-populated\">\n\t\t\t\t\t\t<div class=\"elementor-element elementor-element-1bd90184 elementor-widget elementor-widget-text-editor\" data-id=\"1bd90184\" data-element_type=\"widget\" data-e-type=\"widget\" data-widget_type=\"text-editor.default\">\n\t\t\t\t<div class=\"elementor-widget-container\">\n\t\t\t\t\t\t\t\t\t<h3>Domiciliation<\/h3>\n<p>Pharmacie Normale<br \/><br \/>Soci\u00e9t\u00e9 \u00e0 responsabilit\u00e9 limit\u00e9e Pharmacie Normale au capital social de 45\u00a0734,71 \u20ac<br \/>Siret : 60480001100016<br \/>Code APE : 4773Z<br \/>N\u00b0 TVA intracommunautaire : FR10604800011<br \/>N\u00b0 de t\u00e9l\u00e9phone : <a href=\"tel:0247052469\">02 47 05 24 69<\/a><\/p>\n<p>Responsable de publication : Pharmacie Normale<\/p>\n<h3>H\u00e9bergement<\/h3>\n<p>Pan Communication<\/p>\n<div>\n<div>43 Bd Louis XI<\/div>\n<div>37000 Tours<\/div>\n<\/div>\n<p>Cr\u00e9ation du site : Pan Communication<\/p>\n<h3>Donn\u00e9es personnelles<\/h3>\n<p>Le site internet pharmacienormale.fr pr\u00e9sente aux visiteurs et aux clients naviguant sur le site un certain nombre d\u2019informations li\u00e9es aux produits et aux services de Pharmacie Normale.<br \/>L\u2019utilisateur s\u2019engage d\u2019ores et d\u00e9j\u00e0 \u00e0 faire des informations contenues sur le site un usage personnel et non commercial.<\/p>\n<p>Nous nous engageons aupr\u00e8s de vous, visiteurs et clients de notre site, \u00e0 vous garantir la confidentialit\u00e9 des informations personnelles que vous nous fournissez.<br \/>En respect des r\u00e9glementations fran\u00e7aise et europ\u00e9enne et conform\u00e9ment \u00e0 la loi Informatique et Libert\u00e9s en date du 6 janvier 1978, vous disposez d\u2019un droit d\u2019acc\u00e8s, de rectification, de modification et de suppression concernant les donn\u00e9es qui vous concernent. Vous pouvez exercer ce droit en nous envoyant un courrier \u00e0 l\u2019adresse suivante : phnormale(@)wanadoo.fr.<\/p>\n<p>Par ailleurs, comme la plupart des sites internet, nous collectons \u00e9galement des donn\u00e9es relatives \u00e0 la navigation de nos visiteurs, afin d\u2019obtenir des statistiques pr\u00e9cises li\u00e9es \u00e0 l\u2019utilisation de notre site. Ces donn\u00e9es incluent l\u2019adresse IP, le fournisseur d\u2019acc\u00e8s \u00e0 internet, le navigateur utilis\u00e9 ou encore l\u2019heure des visites.<\/p>\n<p>Chaque internaute a la possibilit\u00e9 de d\u00e9sactiver les cookies et d\u2019effacer ceux pr\u00e9sents sur son ordinateur, en modifiant les r\u00e9glages de son navigateur.<\/p>\n<h3>Les cookies, qu\u2019est-ce que c\u2019est ?<\/h3>\n<p>Les sites Internet d\u00e9velopp\u00e9s par Pan Communication utilisent des cookies ou des traceurs similaires pour le ciblage de publicit\u00e9s, enregistrer vos pr\u00e9f\u00e9rences, vous prot\u00e9ger contre le spam et effectuer des mesures d\u2019audience.<\/p>\n<p>Les cookies sur le Web sont de petits fichiers plac\u00e9s sur votre ordinateur par les sites lorsque vous naviguez sur le Web.<br \/>Les sites de Pan Communication utilisent les cookies pour conna\u00eetre les habitudes des internautes et pouvoir leur proposer une meilleure navigation. Vous pouvez \u00e0 tout moment changer les param\u00e8tres de votre navigateur pour refuser les cookies.<\/p>\n<p>Les cookies publicitaires enregistrent des informations de navigation des internautes afin de comprendre leurs centres d\u2019int\u00e9r\u00eats et leur visite sur les sites. Suite \u00e0 cette collecte, ils permettent \u00e0 des soci\u00e9t\u00e9s de personnaliser la publicit\u00e9 qu\u2019un internaute peut voir en parcourant des sites qui ont la m\u00eame r\u00e9gie publicitaire.<\/p>\n<h3>Pourquoi les sites utilisent les cookies ?<\/h3>\n<p>Les sites de Pan Communication utilisent des cookies \u00e0 des fins statistiques et de recherches. Pour nous aider \u00e0 am\u00e9liorer l\u2019exp\u00e9rience utilisateur sur nos sites afin de comprendre comment les internautes naviguent sur nos sites, et pour fournir des donn\u00e9es pr\u00e9cises \u00e0 nos clients.<\/p>\n<p>Les liens de partage sur les r\u00e9seaux sociaux pr\u00e9sents sur les sites de Pan Communication peuvent installer des cookies. Cependant, ils ne sont pas contr\u00f4l\u00e9s par les sites internet mais par les \u00e9diteurs des sites des r\u00e9seaux sociaux. Veuillez consulter le site en question pour plus d\u2019informations.<\/p>\n<p>Pour en savoir plus sur les cookies :\u00a0<a href=\"http:\/\/www.cnil.fr\/vos-droits\/vos-traces\/les-cookies\/\" target=\"_blank\" rel=\"noreferrer noopener\">www.cnil.fr<\/a><\/p>\n<h3>Modifications apport\u00e9es \u00e0 notre politique relative aux cookies<\/h3>\n<p>Pharmacie Normale est susceptible de mettre \u00e0 jour cette politique relative aux cookies. Si nous effectuons des changements, nous les consignerons sur cette page.<\/p>\n<p>Pour plus d\u2019informations, n\u2019h\u00e9sitez pas \u00e0 nous contacter.<\/p>\t\t\t\t\t\t\t\t<\/div>\n\t\t\t\t<\/div>\n\t\t\t\t\t<\/div>\n\t\t<\/div>\n\t\t\t\t\t<\/div>\n\t\t<\/section>\n\t\t\t\t<\/div>\n\t\t","protected":false},"excerpt":{"rendered":"<p>Domiciliation Pharmacie Normale Soci\u00e9t\u00e9 \u00e0 responsabilit\u00e9 limit\u00e9e Pharmacie Normale au capital social de 45\u00a0734,71 \u20acSiret : 60480001100016Code APE : 4773ZN\u00b0 TVA intracommunautaire : FR10604800011N\u00b0 de t\u00e9l\u00e9phone<span class=\"excerpt-hellip\"> [\u2026]<\/span><\/p>\n","protected":false},"author":2,"featured_media":0,"parent":0,"menu_order":0,"comment_status":"closed","ping_status":"closed","template":"","meta":{"footnotes":""},"class_list":["post-3","page","type-page","status-publish","hentry"],"_links":{"self":[{"href":"https:\/\/pharmacienormale.fr\/index.php\/wp-json\/wp\/v2\/pages\/3","targetHints":{"allow":["GET"]}}],"collection":[{"href":"https:\/\/pharmacienormale.fr\/index.php\/wp-json\/wp\/v2\/pages"}],"about":[{"href":"https:\/\/pharmacienormale.fr\/index.php\/wp-json\/wp\/v2\/types\/page"}],"author":[{"embeddable":true,"href":"https:\/\/pharmacienormale.fr\/index.php\/wp-json\/wp\/v2\/users\/2"}],"replies":[{"embeddable":true,"href":"https:\/\/pharmacienormale.fr\/index.php\/wp-json\/wp\/v2\/comments?post=3"}],"version-history":[{"count":8,"href":"https:\/\/pharmacienormale.fr\/index.php\/wp-json\/wp\/v2\/pages\/3\/revisions"}],"predecessor-version":[{"id":881,"href":"https:\/\/pharmacienormale.fr\/index.php\/wp-json\/wp\/v2\/pages\/3\/revisions\/881"}],"wp:attachment":[{"href":"https:\/\/pharmacienormale.fr\/index.php\/wp-json\/wp\/v2\/media?parent=3"}],"curies":[{"name":"wp","href":"https:\/\/api.w.org\/{rel}","templated":true}]}}